{"id":228,"date":"2024-01-15T17:08:04","date_gmt":"2024-01-15T16:08:04","guid":{"rendered":"https:\/\/ofertasdeluzygas.com\/emaxenergia\/?page_id=228"},"modified":"2025-10-29T18:53:49","modified_gmt":"2025-10-29T17:53:49","slug":"aviso-legal","status":"publish","type":"page","link":"https:\/\/ofertasdeluzygas.com\/index.php\/aviso-legal\/","title":{"rendered":"Aviso Legal"},"content":{"rendered":"\t\t<div data-elementor-type=\"wp-page\" data-elementor-id=\"228\" class=\"elementor elementor-228\" data-elementor-post-type=\"page\">\n\t\t\t\t<div class=\"elementor-element elementor-element-1ae2ad8 e-con-full e-flex e-con e-parent\" data-id=\"1ae2ad8\" data-element_type=\"container\">\n\t\t<div class=\"elementor-element elementor-element-af43a4a e-flex e-con-boxed e-con e-child\" data-id=\"af43a4a\" data-element_type=\"container\" data-settings=\"{&quot;background_background&quot;:&quot;classic&quot;}\">\n\t\t\t\t\t<div class=\"e-con-inner\">\n\t\t\t\t<div class=\"elementor-element elementor-element-ccdd455 elementor-widget elementor-widget-heading\" data-id=\"ccdd455\" data-element_type=\"widget\" data-widget_type=\"heading.default\">\n\t\t\t\t<div class=\"elementor-widget-container\">\n\t\t\t\t\t<h2 class=\"elementor-heading-title elementor-size-default\">AVISO LEGAL<\/h2>\t\t\t\t<\/div>\n\t\t\t\t<\/div>\n\t\t\t\t\t<\/div>\n\t\t\t\t<\/div>\n\t\t\t\t<\/div>\n\t\t<div class=\"elementor-element elementor-element-dd3a43f e-flex e-con-boxed e-con e-parent\" data-id=\"dd3a43f\" data-element_type=\"container\">\n\t\t\t\t\t<div class=\"e-con-inner\">\n\t\t\t\t<div class=\"elementor-element elementor-element-4b0bd46 elementor-widget elementor-widget-text-editor\" data-id=\"4b0bd46\" data-element_type=\"widget\" data-widget_type=\"text-editor.default\">\n\t\t\t\t<div class=\"elementor-widget-container\">\n\t\t\t\t\t\t\t\t\t<p><span style=\"font-weight: 400;\">Titularidad del Sitio Web\u00a0<\/span><\/p><p><span style=\"font-weight: 400;\">En cumplimiento de lo establecido en la Ley 34\/2022, de 11 de julio, de Servicios de la Sociedad de la Informaci\u00f3n y de Comercio Electr\u00f3nico (LSSI-CE), se informa que el presente sitio web, accesible desde la direcci\u00f3n www.ofertasdeluzygas.com, es propiedad de METAMORFOSIS ENERG\u00c9TICA SL., con CIF B21981253, domicilio en Calle Esteve Gilabert Bruniquer, num. 52, CP: 08402, Granollers (Barcelona, Espa\u00f1a), debidamente inscrita en el registro Mercantil de Madrid de Granollers.\u00a0\u00a0<\/span><\/p><ul><li style=\"font-weight: 400;\" aria-level=\"1\"><span style=\"font-weight: 400;\">Titular: METAMORFOSIS ENERG\u00c9TICA SL.<\/span><\/li><li style=\"font-weight: 400;\" aria-level=\"1\"><span style=\"font-weight: 400;\">CIF: B21981253<\/span><\/li><li style=\"font-weight: 400;\" aria-level=\"1\"><span style=\"font-weight: 400;\">Domicilio: Calle Esteve Gilabert Bruniquer, num. 52, CP: 08402, Granollers (Barcelona, Espa\u00f1a)\u00a0<\/span><\/li><li style=\"font-weight: 400;\" aria-level=\"1\"><span style=\"font-weight: 400;\">Correo Electr\u00f3nico de Contacto: <\/span><span style=\"font-weight: 400;\">gerencia@grupo-emax.com<\/span><\/li><li style=\"font-weight: 400;\" aria-level=\"1\"><span style=\"font-weight: 400;\">Correo Electr\u00f3nico de Protecci\u00f3n: ___________________<\/span><\/li><\/ul><p><span style=\"font-weight: 400;\">Objeto del Sitio Web\u00a0<\/span><\/p><p><span style=\"font-weight: 400;\">La P\u00e1gina Web\u00a0 <\/span><a href=\"http:\/\/www.ofertasdeluzygas.com\"><span style=\"font-weight: 400;\">www.ofertasdeluzygas.com<\/span><\/a><span style=\"font-weight: 400;\">\u00a0 tiene como finalidad informar sobre los servicios ofrecidos por METAMORFOSIS ENERG\u00c9TICA SL., consistentes en la promoci\u00f3n y divulgaci\u00f3n de ofertas y servicios relacionados con el suministro de luz y gas disponible en el mercado energ\u00e9tico.\u00a0<\/span><\/p><p><span style=\"font-weight: 400;\">Pretensi\u00f3n del Aviso Legal<\/span><\/p><p><span style=\"font-weight: 400;\">Con este Aviso se quiere informar al usuario acerca de qui\u00e9n hay detr\u00e1s de esta P\u00e1gina Web, as\u00ed como que pueda conocer el tipo de informaci\u00f3n que recogemos y con el fin que la necesitamos. Junto con este texto, se disponen otros textos legales, como la Pol\u00edtica de Privacidad y la Pol\u00edtica de Cookies.\u00a0<\/span><\/p><p><span style=\"font-weight: 400;\">Condiciones de Uso\u00a0<\/span><\/p><p><span style=\"font-weight: 400;\">El acceso y navegaci\u00f3n por este sitio web atribuye la condici\u00f3n de usuario e implica la aceptaci\u00f3n plena y sin reservas de las presentes condiciones legales.\u00a0<\/span><\/p><p><span style=\"font-weight: 400;\">El usuario se compromete a hacer un uso adecuado, correcto y l\u00edcito del sitio web y de sus contenidos, respetando en todo momento la legislaci\u00f3n vigente y los derechos de terceros.\u00a0<\/span><\/p><p><span style=\"font-weight: 400;\">Queda expresamente prohibido:\u00a0<\/span><\/p><ul><li style=\"font-weight: 400;\" aria-level=\"1\"><span style=\"font-weight: 400;\">La utilizaci\u00f3n del sitio web con fines lesivos para los derechos e intereses de terceros o de METAMORFOSIS ENERG\u00c9TICA SL.\u00a0<\/span><\/li><li style=\"font-weight: 400;\" aria-level=\"1\"><span style=\"font-weight: 400;\">La reproducci\u00f3n o difusi\u00f3n no autorizada de los contenidos del sitio web.\u00a0<\/span><\/li><li style=\"font-weight: 400;\" aria-level=\"1\"><span style=\"font-weight: 400;\">Incurrir en actividades il\u00edcitas, ilegales o contrarias a la buena fe y al orden p\u00fablico.\u00a0<\/span><\/li><li style=\"font-weight: 400;\" aria-level=\"1\"><span style=\"font-weight: 400;\">Difundir contenidos o propaganda de car\u00e1cter racista, xen\u00f3fobo, hom\u00f3fobo, pornogr\u00e1fico-ilegal, de apolog\u00eda del terrorismo o atentatorio contra los derechos humanos, o cualquier otra forma de discriminaci\u00f3n no permitidas por nuestra Legislaci\u00f3n.\u00a0<\/span><\/li><li style=\"font-weight: 400;\" aria-level=\"1\"><span style=\"font-weight: 400;\">Intentar acceder y, en su caso, utilizar las cuentas de correo electr\u00f3nico de otros usuarios y\/o modificar o manipular sus mensajes.\u00a0<\/span><\/li><\/ul><p><span style=\"font-weight: 400;\">Podr\u00e1 visitar nuestra web cuando quiera y de manera totalmente gratuita y libre, as\u00ed como disfrutar de los servicios o informaci\u00f3n que ofrecemos en esta. En todo caso, para poder ser usuario, es necesario que disponga de la mayor\u00eda de edad.\u00a0<\/span><\/p><p><span style=\"font-weight: 400;\">Como usuario, debe leer atentamente el presente Aviso Legal en cada una de las ocasiones en que se proponga utilizar la P\u00e1gina Web, puesto que puede sufrir modificaciones y, por lo tanto, se sujetar\u00e1 y deber\u00e1 obedecer a lo dispuesto. Adem\u00e1s de estas condiciones de uso, deber\u00e1 respetar en todo momento el resto de las normas de nuestra plataforma, pues regulan todos los derechos y deberes de los usuarios para una mejor protecci\u00f3n de estos, la protecci\u00f3n de dicha plataforma, y, por ende, tambi\u00e9n de nuestro negocio.\u00a0<\/span><\/p><p><span style=\"font-weight: 400;\">Derechos del Titular\u00a0\u00a0\u00a0<\/span><\/p><p><span style=\"font-weight: 400;\">El Titular de esta Plataforma tiene derechos a tratar los datos del usuario de acuerdo con lo establecido en estos Avisos y en la correspondiente Pol\u00edtica de Privacidad, utilizando dicha informaci\u00f3n para atender sus consultas, pudiendo llevar a cabo todas las medidas adecuadas seg\u00fan la Ley para poder prestar el servicio de forma efectiva.\u00a0<\/span><\/p><p><span style=\"font-weight: 400;\">Derechos de Propiedad Intelectual e Industrial y otros Derechos\u00a0<\/span><\/p><p><span style=\"font-weight: 400;\">Todos los elementos y contenidos que forman este sitio web, as\u00ed como la estructura, dise\u00f1o y c\u00f3digo fuente de la misma, y los elementos contenidos en ella (textos, im\u00e1genes, logotipos, dise\u00f1os, sonidos, dise\u00f1o, selecci\u00f3n de materiales usados, acceso, uso, etc.) son propiedad exclusiva de METAMORFOSIS ENERG\u00c9TICA SL. o de terceros que han autorizado su uso, y est\u00e1n protegidos por la normativa sobre propiedad intelectual e industrial.\u00a0<\/span><\/p><p><span style=\"font-weight: 400;\">Cualquier uso no autorizado de los contenidos ser\u00e1 considerado una infracci\u00f3n grave.\u00a0<\/span><\/p><p><span style=\"font-weight: 400;\">Todos los derechos est\u00e1n reservados. Los usuarios del sitio web \u00fanicamente podr\u00e1n realizar un uso privado y personal de los contenidos de \u00e9ste. El usuario se compromete a respetar los derechos de propiedad intelectual e industrial titularidad de METAMORFOSIS ENERG\u00c9TICA SL. Podr\u00e1 visualizar los elementos del site e incluso imprimirlos, copiarlos y almacenarlos en el disco duro de su ordenador o en cualquier otro soporte f\u00edsico.\u00a0<\/span><\/p><p><span style=\"font-weight: 400;\">Est\u00e1 absolutamente prohibido el uso del sitio web o de alguno de sus elementos con fines comerciales o il\u00edcitos. METAMORFOSIS ENERG\u00c9TICA SL. no asumir\u00e1 ninguna responsabilidad derivada del uso por terceros del contenido del sitio web y podr\u00e1 ejercitar todas las acciones civiles o penales que le correspondan en caso de infracci\u00f3n de estos derechos por parte del usuario.\u00a0<\/span><\/p><p><span style=\"font-weight: 400;\">METAMORFOSIS ENERG\u00c9TICA SL. se reserva el derecho a realizar cambios en el sitio web sin previo aviso, al objeto de mantener actualizada su informaci\u00f3n, a\u00f1adiendo, modificando, corrigiendo o eliminando los contenidos publicados o el dise\u00f1o del portal.\u00a0<\/span><\/p><p><span style=\"font-weight: 400;\">Limitaci\u00f3n de Responsabilidad\u00a0<\/span><\/p><p><span style=\"font-weight: 400;\">METAMORFOSIS ENERG\u00c9TICA SL. no garantiza la disponibilidad permanente del sitio web ni la ausencia d errores en el acceso al mismo.\u00a0<\/span><\/p><p><span style=\"font-weight: 400;\">As\u00ed mismo no se hace responsable:\u00a0<\/span><\/p><ul><li style=\"font-weight: 400;\" aria-level=\"1\"><span style=\"font-weight: 400;\">Del mal uso que los usuarios puedan realizar del sitio web.\u00a0<\/span><\/li><li style=\"font-weight: 400;\" aria-level=\"1\"><span style=\"font-weight: 400;\">De las decisiones tomadas a partir de la informaci\u00f3n publicada.\u00a0<\/span><\/li><li style=\"font-weight: 400;\" aria-level=\"1\"><span style=\"font-weight: 400;\">De posibles da\u00f1os inform\u00e1ticos o de otro tipo que puedan derivarse del acceso o uso del sitio web.\u00a0<\/span><\/li><\/ul><p><span style=\"font-weight: 400;\">Enlaces Externos<\/span><\/p><p><span style=\"font-weight: 400;\">El sitio web\u00a0 <\/span><a href=\"http:\/\/www.ofertasdeluzygas.com\"><span style=\"font-weight: 400;\">www.ofertasdeluzygas.com<\/span><\/a><span style=\"font-weight: 400;\">\u00a0 puede contener enlaces a P\u00e1ginas Web de terceros. METAMORFOSIS ENERG\u00c9TICA SL. no se hace responsable del contenido, funcionamiento o accesibilidad de dichas P\u00e1ginas externas, y el acceso a las mismas ser\u00e1 responsabilidad exclusiva del usuario.\u00a0<\/span><\/p><p><span style=\"font-weight: 400;\">Modificaciones del Aviso Legal\u00a0<\/span><\/p><p><span style=\"font-weight: 400;\">METAMORFOSIS ENERG\u00c9TICA SL. se reserva el derecho a modificar, actualizar o eliminar en cualquier momento el presente Aviso Legal, sin obligaci\u00f3n de preaviso. Las modificaciones ser\u00e1n efectivas desde el momento de su publicaci\u00f3n.\u00a0<\/span><\/p><p><span style=\"font-weight: 400;\">Ley Aplicable y Jurisdicci\u00f3n\u00a0<\/span><\/p><p><span style=\"font-weight: 400;\">La Legislaci\u00f3n aplicable es la espa\u00f1ola, entre ellas: Ley 34\/2002, de Servicio a la Sociedad de la Informaci\u00f3n y de Comercio Electr\u00f3nico, la Ley Org\u00e1nica 3\/2018, de 5 de diciembre, de Protecci\u00f3n de Datos Personales y Garant\u00eda de los Derechos Digitales, el Reglamento Europeo de Protecci\u00f3n de Datos 679\/2016 y cuantas disposiciones legales resulten de aplicaci\u00f3n a la P\u00e1gina Web y\/o a los productos o servicios ofrecidos.\u00a0<\/span><\/p><p><span style=\"font-weight: 400;\">Para la resoluci\u00f3n de cualquier tipo de controversias que se pudiera derivar de la utilizaci\u00f3n de este sitio web, as\u00ed como de la inscripci\u00f3n que se pudiera realizar a trav\u00e9s de ella, se declara como jurisdicci\u00f3n competente a los Juzgados y Tribunales de Madrid.<\/span><\/p>\t\t\t\t\t\t\t\t<\/div>\n\t\t\t\t<\/div>\n\t\t\t\t\t<\/div>\n\t\t\t\t<\/div>\n\t\t\t\t<\/div>\n\t\t","protected":false},"excerpt":{"rendered":"<p>AVISO LEGAL Titularidad del Sitio Web\u00a0 En cumplimiento de lo establecido en la Ley 34\/2022, de 11 de julio, de Servicios de la Sociedad de la Informaci\u00f3n y de Comercio Electr\u00f3nico (LSSI-CE), se informa que el presente sitio web, accesible desde la direcci\u00f3n www.ofertasdeluzygas.com, es propiedad de METAMORFOSIS ENERG\u00c9TICA SL., con CIF B21981253, domicilio en [&hellip;]<\/p>\n","protected":false},"author":1,"featured_media":0,"parent":0,"menu_order":0,"comment_status":"closed","ping_status":"closed","template":"elementor_canvas","meta":{"footnotes":""},"class_list":["post-228","page","type-page","status-publish","hentry"],"yoast_head":"<!-- This site is optimized with the Yoast SEO plugin v26.3 - https:\/\/yoast.com\/wordpress\/plugins\/seo\/ -->\n<title>Aviso Legal -<\/title>\n<meta name=\"robots\" content=\"index, follow, max-snippet:-1, max-image-preview:large, max-video-preview:-1\" \/>\n<link rel=\"canonical\" href=\"https:\/\/ofertasdeluzygas.com\/index.php\/aviso-legal\/\" \/>\n<meta property=\"og:locale\" content=\"es_ES\" \/>\n<meta property=\"og:type\" content=\"article\" \/>\n<meta property=\"og:title\" content=\"Aviso Legal -\" \/>\n<meta property=\"og:description\" content=\"AVISO LEGAL Titularidad del Sitio Web\u00a0 En cumplimiento de lo establecido en la Ley 34\/2022, de 11 de julio, de Servicios de la Sociedad de la Informaci\u00f3n y de Comercio Electr\u00f3nico (LSSI-CE), se informa que el presente sitio web, accesible desde la direcci\u00f3n www.ofertasdeluzygas.com, es propiedad de METAMORFOSIS ENERG\u00c9TICA SL., con CIF B21981253, domicilio en [&hellip;]\" \/>\n<meta property=\"og:url\" content=\"https:\/\/ofertasdeluzygas.com\/index.php\/aviso-legal\/\" \/>\n<meta property=\"article:modified_time\" content=\"2025-10-29T17:53:49+00:00\" \/>\n<meta name=\"twitter:card\" content=\"summary_large_image\" \/>\n<meta name=\"twitter:label1\" content=\"Tiempo de lectura\" \/>\n\t<meta name=\"twitter:data1\" content=\"6 minutos\" \/>\n<script type=\"application\/ld+json\" class=\"yoast-schema-graph\">{\"@context\":\"https:\/\/schema.org\",\"@graph\":[{\"@type\":\"WebPage\",\"@id\":\"https:\/\/ofertasdeluzygas.com\/index.php\/aviso-legal\/\",\"url\":\"https:\/\/ofertasdeluzygas.com\/index.php\/aviso-legal\/\",\"name\":\"Aviso Legal -\",\"isPartOf\":{\"@id\":\"https:\/\/ofertasdeluzygas.com\/#website\"},\"datePublished\":\"2024-01-15T16:08:04+00:00\",\"dateModified\":\"2025-10-29T17:53:49+00:00\",\"breadcrumb\":{\"@id\":\"https:\/\/ofertasdeluzygas.com\/index.php\/aviso-legal\/#breadcrumb\"},\"inLanguage\":\"es\",\"potentialAction\":[{\"@type\":\"ReadAction\",\"target\":[\"https:\/\/ofertasdeluzygas.com\/index.php\/aviso-legal\/\"]}]},{\"@type\":\"BreadcrumbList\",\"@id\":\"https:\/\/ofertasdeluzygas.com\/index.php\/aviso-legal\/#breadcrumb\",\"itemListElement\":[{\"@type\":\"ListItem\",\"position\":1,\"name\":\"Portada\",\"item\":\"https:\/\/ofertasdeluzygas.com\/\"},{\"@type\":\"ListItem\",\"position\":2,\"name\":\"Aviso Legal\"}]},{\"@type\":\"WebSite\",\"@id\":\"https:\/\/ofertasdeluzygas.com\/#website\",\"url\":\"https:\/\/ofertasdeluzygas.com\/\",\"name\":\"\",\"description\":\"\",\"potentialAction\":[{\"@type\":\"SearchAction\",\"target\":{\"@type\":\"EntryPoint\",\"urlTemplate\":\"https:\/\/ofertasdeluzygas.com\/?s={search_term_string}\"},\"query-input\":{\"@type\":\"PropertyValueSpecification\",\"valueRequired\":true,\"valueName\":\"search_term_string\"}}],\"inLanguage\":\"es\"}]}<\/script>\n<!-- \/ Yoast SEO plugin. -->","yoast_head_json":{"title":"Aviso Legal -","robots":{"index":"index","follow":"follow","max-snippet":"max-snippet:-1","max-image-preview":"max-image-preview:large","max-video-preview":"max-video-preview:-1"},"canonical":"https:\/\/ofertasdeluzygas.com\/index.php\/aviso-legal\/","og_locale":"es_ES","og_type":"article","og_title":"Aviso Legal -","og_description":"AVISO LEGAL Titularidad del Sitio Web\u00a0 En cumplimiento de lo establecido en la Ley 34\/2022, de 11 de julio, de Servicios de la Sociedad de la Informaci\u00f3n y de Comercio Electr\u00f3nico (LSSI-CE), se informa que el presente sitio web, accesible desde la direcci\u00f3n www.ofertasdeluzygas.com, es propiedad de METAMORFOSIS ENERG\u00c9TICA SL., con CIF B21981253, domicilio en [&hellip;]","og_url":"https:\/\/ofertasdeluzygas.com\/index.php\/aviso-legal\/","article_modified_time":"2025-10-29T17:53:49+00:00","twitter_card":"summary_large_image","twitter_misc":{"Tiempo de lectura":"6 minutos"},"schema":{"@context":"https:\/\/schema.org","@graph":[{"@type":"WebPage","@id":"https:\/\/ofertasdeluzygas.com\/index.php\/aviso-legal\/","url":"https:\/\/ofertasdeluzygas.com\/index.php\/aviso-legal\/","name":"Aviso Legal -","isPartOf":{"@id":"https:\/\/ofertasdeluzygas.com\/#website"},"datePublished":"2024-01-15T16:08:04+00:00","dateModified":"2025-10-29T17:53:49+00:00","breadcrumb":{"@id":"https:\/\/ofertasdeluzygas.com\/index.php\/aviso-legal\/#breadcrumb"},"inLanguage":"es","potentialAction":[{"@type":"ReadAction","target":["https:\/\/ofertasdeluzygas.com\/index.php\/aviso-legal\/"]}]},{"@type":"BreadcrumbList","@id":"https:\/\/ofertasdeluzygas.com\/index.php\/aviso-legal\/#breadcrumb","itemListElement":[{"@type":"ListItem","position":1,"name":"Portada","item":"https:\/\/ofertasdeluzygas.com\/"},{"@type":"ListItem","position":2,"name":"Aviso Legal"}]},{"@type":"WebSite","@id":"https:\/\/ofertasdeluzygas.com\/#website","url":"https:\/\/ofertasdeluzygas.com\/","name":"","description":"","potentialAction":[{"@type":"SearchAction","target":{"@type":"EntryPoint","urlTemplate":"https:\/\/ofertasdeluzygas.com\/?s={search_term_string}"},"query-input":{"@type":"PropertyValueSpecification","valueRequired":true,"valueName":"search_term_string"}}],"inLanguage":"es"}]}},"_links":{"self":[{"href":"https:\/\/ofertasdeluzygas.com\/index.php\/wp-json\/wp\/v2\/pages\/228","targetHints":{"allow":["GET"]}}],"collection":[{"href":"https:\/\/ofertasdeluzygas.com\/index.php\/wp-json\/wp\/v2\/pages"}],"about":[{"href":"https:\/\/ofertasdeluzygas.com\/index.php\/wp-json\/wp\/v2\/types\/page"}],"author":[{"embeddable":true,"href":"https:\/\/ofertasdeluzygas.com\/index.php\/wp-json\/wp\/v2\/users\/1"}],"replies":[{"embeddable":true,"href":"https:\/\/ofertasdeluzygas.com\/index.php\/wp-json\/wp\/v2\/comments?post=228"}],"version-history":[{"count":24,"href":"https:\/\/ofertasdeluzygas.com\/index.php\/wp-json\/wp\/v2\/pages\/228\/revisions"}],"predecessor-version":[{"id":387,"href":"https:\/\/ofertasdeluzygas.com\/index.php\/wp-json\/wp\/v2\/pages\/228\/revisions\/387"}],"wp:attachment":[{"href":"https:\/\/ofertasdeluzygas.com\/index.php\/wp-json\/wp\/v2\/media?parent=228"}],"curies":[{"name":"wp","href":"https:\/\/api.w.org\/{rel}","templated":true}]}}