{"id":371,"date":"2025-10-29T18:39:24","date_gmt":"2025-10-29T17:39:24","guid":{"rendered":"https:\/\/ofertasdeluzygas.com\/?page_id=371"},"modified":"2025-10-29T18:40:07","modified_gmt":"2025-10-29T17:40:07","slug":"politicas-de-cookies","status":"publish","type":"page","link":"https:\/\/ofertasdeluzygas.com\/index.php\/politicas-de-cookies\/","title":{"rendered":"Pol\u00edticas de cookies"},"content":{"rendered":"\t\t<div data-elementor-type=\"wp-page\" data-elementor-id=\"371\" class=\"elementor elementor-371\" data-elementor-post-type=\"page\">\n\t\t\t\t<div class=\"elementor-element elementor-element-bf48a90 e-con-full e-flex e-con e-parent\" data-id=\"bf48a90\" data-element_type=\"container\">\n\t\t<div class=\"elementor-element elementor-element-fe43a8b e-flex e-con-boxed e-con e-child\" data-id=\"fe43a8b\" data-element_type=\"container\" data-settings=\"{&quot;background_background&quot;:&quot;classic&quot;}\">\n\t\t\t\t\t<div class=\"e-con-inner\">\n\t\t\t\t<div class=\"elementor-element elementor-element-2a2142d elementor-widget elementor-widget-heading\" data-id=\"2a2142d\" data-element_type=\"widget\" data-widget_type=\"heading.default\">\n\t\t\t\t<div class=\"elementor-widget-container\">\n\t\t\t\t\t<h2 class=\"elementor-heading-title elementor-size-default\">POL\u00cdTICAS DE COOKIES<\/h2>\t\t\t\t<\/div>\n\t\t\t\t<\/div>\n\t\t\t\t\t<\/div>\n\t\t\t\t<\/div>\n\t\t\t\t<\/div>\n\t\t<div class=\"elementor-element elementor-element-98ca26e e-flex e-con-boxed e-con e-parent\" data-id=\"98ca26e\" data-element_type=\"container\">\n\t\t\t\t\t<div class=\"e-con-inner\">\n\t\t\t\t<div class=\"elementor-element elementor-element-f57bb8a elementor-widget elementor-widget-text-editor\" data-id=\"f57bb8a\" data-element_type=\"widget\" data-widget_type=\"text-editor.default\">\n\t\t\t\t<div class=\"elementor-widget-container\">\n\t\t\t\t\t\t\t\t\t<p><span style=\"font-weight: 400;\">Desde , METAMORFOSIS ENERG\u00c9TICA SL. (en adelante \u201cOfertas luz y gas\u201d) se le informa de que mediante las cookies que usamos no recogemos ni recabamos datos personales de nuestros usuarios salvo los facilitados al hacer uso de los formularios disponibles en la Web o cuando sea usted el que contacte con nosotros por los diferentes medios.<\/span><\/p><p><span style=\"font-weight: 400;\">La finalidad de las cookies es ofrecerle una excelente experiencia de navegaci\u00f3n y mejorar nuestros servicios en funci\u00f3n de los usos que les d\u00e9 a los contenidos publicados, o los accesos que haga a los diferentes apartados de la misma.<\/span><\/p><h4><span style=\"font-weight: 400;\">1. INFORMACI\u00d3N GENERAL<\/span><\/h4><p><span style=\"font-weight: 400;\">1.1. Informaci\u00f3n de contacto<\/span><\/p><p><span style=\"font-weight: 400;\">Detr\u00e1s de esta P\u00e1gina Web se encuentra la empresa OFERTAS LUZ Y GAS cuyos datos de contacto se proporcionan a continuaci\u00f3n:<\/span><\/p><p><span style=\"font-weight: 400;\">METAMORFOSIS ENERG\u00c9TICA SL.<\/span><\/p><p><span style=\"font-weight: 400;\">CIF: B21981253<\/span><\/p><p><span style=\"font-weight: 400;\">Domicilio social: Calle Esteve Gilabert Bruniquer, num. 52, CP: 08402, Granollers (Barcelona, Espa\u00f1a)<\/span><\/p><p><span style=\"font-weight: 400;\">Correo electr\u00f3nico de contacto: <\/span><span style=\"font-weight: 400;\">gerencia@grupo-emax.com<\/span><span style=\"font-weight: 400;\"><br \/><\/span><span style=\"font-weight: 400;\">Correo electr\u00f3nico de protecci\u00f3n de datos o Delegado de Protecci\u00f3n de Datos: info@ofertasluzgas.com<\/span><span style=\"font-weight: 400;\"><br \/><\/span><span style=\"font-weight: 400;\">Datos registrales: Inscrita en el Registro Mercantil de GRANOLLERS.<\/span><\/p><p><span style=\"font-weight: 400;\">OFERTAS DE LUZ Y GAS tratar\u00e1 los datos personales como Responsable del Tratamiento de todas las p\u00e1ginas web que gestiona o de las que es titular.<\/span><\/p><p><span style=\"font-weight: 400;\">1.2. Lo que debe saber sobres las Cookies<\/span><\/p><p><span style=\"font-weight: 400;\">Las cookies (galletas) son peque\u00f1os archivos que guardan informaci\u00f3n en los dispositivos de los usuarios que usan nuestra plataforma web.<\/span><\/p><p><span style=\"font-weight: 400;\">Las cookies se asocian con el navegador de un ordenador o dispositivo determinado. Gracias a ellas, resulta posible que Ofertas luz y gas\u00a0 reconozca los navegadores de los usuarios despu\u00e9s de que \u00e9stos hayan visitado la P\u00e1gina Web por primera vez, determinando as\u00ed sus preferencias de navegaci\u00f3n y, a partir de ello, evaluarlas, pudiendo utilizarlas como indicadores para mejorar nuestro contenido y navegaci\u00f3n en la plataforma.<\/span><\/p><p><span style=\"font-weight: 400;\">1.3. Tipos de cookies<\/span><\/p><p><span style=\"font-weight: 400;\">Seg\u00fan qui\u00e9n las gestione<\/span><\/p><p><span style=\"font-weight: 400;\">Seg\u00fan qui\u00e9n sea la entidad que gestione el equipo o dominio desde donde se env\u00edan las cookies y trate los datos que se obtengan, se puede distinguir:<\/span><\/p><ul><li style=\"font-weight: 400;\" aria-level=\"1\"><span style=\"font-weight: 400;\">Cookies propias: son aquellas que se env\u00edan al equipo terminal del usuario desde un equipo o dominio gestionado por el propio editor y desde el que se presta el servicio solicitado por el usuario.<\/span><\/li><li style=\"font-weight: 400;\" aria-level=\"1\"><span style=\"font-weight: 400;\">Cookies de terceros: son aquellas que se env\u00edan al equipo terminal del usuario desde un equipo o dominio que no es gestionado por el editor, sino por otra entidad que trata los datos obtenidos trav\u00e9s de las cookies.<\/span><\/li><\/ul><p><i><span style=\"font-weight: 400;\">Seg\u00fan su finalidad<\/span><\/i><\/p><p><span style=\"font-weight: 400;\">En funci\u00f3n de la finalidad para la cual se trate la informaci\u00f3n obtenida a trav\u00e9s de las cookies, se debe diferenciar entre:<\/span><\/p><ul><li style=\"font-weight: 400;\" aria-level=\"1\"><span style=\"font-weight: 400;\">Cookies t\u00e9cnicas: son aquellas que permiten al usuario la navegaci\u00f3n a trav\u00e9s de una p\u00e1gina web, plataforma o aplicaci\u00f3n y la utilizaci\u00f3n de las diferentes opciones o servicios que en ella existan, incluyendo aquellas que el editor utiliza para permitir la gesti\u00f3n y operativa de la p\u00e1gina web y habilitar sus funciones y servicios (por ejemplo: identificar la sesi\u00f3n, acceder a partes de acceso restringido\u2026).<\/span><\/li><li style=\"font-weight: 400;\" aria-level=\"1\"><span style=\"font-weight: 400;\">Cookies de preferencias o personalizaci\u00f3n: permiten recordar informaci\u00f3n para que el usuario acceda al servicio con determinadas caracter\u00edsticas que pueden diferenciar su experiencia de la de otros usuarios (por ejemplo: idioma).<\/span><\/li><li style=\"font-weight: 400;\" aria-level=\"1\"><span style=\"font-weight: 400;\">Cookies de an\u00e1lisis o medici\u00f3n: son las cookies que permiten al responsable de las mismas el seguimiento y an\u00e1lisis del comportamiento de los usuarios de los sitios web a los que est\u00e1n vinculadas.<\/span><\/li><li style=\"font-weight: 400;\" aria-level=\"1\"><span style=\"font-weight: 400;\">Cookies de publicidad comportamental: almacenan informaci\u00f3n del comportamiento de los usuarios obtenida a trav\u00e9s de la observaci\u00f3n continuada de sus h\u00e1bitos de navegaci\u00f3n, lo que permite desarrollar un perfil espec\u00edfico para mostrar publicidad en funci\u00f3n del mismo.<\/span><\/li><\/ul><p><span style=\"font-weight: 400;\">Seg\u00fan el plazo<\/span><\/p><p><span style=\"font-weight: 400;\">Se puede realizar una distinci\u00f3n entre las siguientes cookies, dependiendo del plazo que permanecen activadas en el equipo terminal de los usuarios:<\/span><\/p><ul><li style=\"font-weight: 400;\" aria-level=\"1\"><span style=\"font-weight: 400;\">Cookies de sesi\u00f3n: son aquellas dise\u00f1adas para recabar y almacenar datos mientras el usuario accede a una p\u00e1gina web.<\/span><\/li><li style=\"font-weight: 400;\" aria-level=\"1\"><span style=\"font-weight: 400;\">Cookies persistentes: son las cookies en las que los datos siguen almacenados en el terminal y pueden ser accedidos y tratados durante un periodo definido por el responsable de las cookies.<\/span><\/li><\/ul><p><span style=\"font-weight: 400;\">\u00a0<\/span><\/p><h4><span style=\"font-weight: 400;\">2. COOKIES UTILIZADAS<\/span><\/h4><p><span style=\"font-weight: 400;\">2.1. Tipos de cookies que utilizamos<\/span><\/p><p><span style=\"font-weight: 400;\">En el cuadro que aparece a continuaci\u00f3n se incluyen los detalles, finalidad, el tipo y las clases de cookies que hemos implementado en nuestra plataforma:<\/span><\/p><p><span style=\"font-weight: 400;\">2.2. Advertencia sobre el uso de cookies y otras t\u00e9cnicas de spamming<\/span><\/p><p><span style=\"font-weight: 400;\">Como usuario queda informado de la presencia de cookies en nuestra plataforma con el fin de facilitar el uso y navegaci\u00f3n por la misma. Ahora bien, tiene la posibilidad de configurar su navegador para ser avisado en pantalla de la recepci\u00f3n de cookies y para impedir la instalaci\u00f3n de estas.<\/span><\/p><p><span style=\"font-weight: 400;\">Si tiene dudas, en el punto 4 de este documento tiene m\u00e1s informaci\u00f3n. Tambi\u00e9n puede consultar las instrucciones y manuales de su navegador para ampliar esta informaci\u00f3n.<\/span><\/p><p><span style=\"font-weight: 400;\">Para utilizar nuestra P\u00e1gina Web no resulta necesario que permita la instalaci\u00f3n de todas las cookies, sin perjuicio de que por ello suceda que no pueda acceder a algunos de los servicios o apartados de la Plataforma.<\/span><\/p><p><span style=\"font-weight: 400;\">Se le informa tambi\u00e9n de que OFERTAS LUZ Y GAS no utiliza t\u00e9cnicas de \u201cspamming\u201d y que \u00fanicamente tratar\u00e1 los datos que el usuario transmita mediante el uso de los formularios electr\u00f3nicos de contacto, mensajes de correo electr\u00f3nico o contenidos facilitados a trav\u00e9s de los servicios de la P\u00e1gina Web, para las finalidades expresadas en nuestro Aviso Legal y en nuestra Pol\u00edtica de Privacidad.<\/span><\/p><h4><span style=\"font-weight: 400;\">3. LA ACEPTACI\u00d3N DE LAS COOKIES EN NUESTRA PLATAFORMA<\/span><\/h4><p><span style=\"font-weight: 400;\">La Ley 34\/2002, de 11 de julio, de Servicios de la Sociedad de la Informaci\u00f3n y de Comercio Electr\u00f3nico (en adelante, LSSICE), en relaci\u00f3n con las cookies, exige que los Usuarios sean informados con car\u00e1cter previo a la experiencia de navegaci\u00f3n en las plataformas sobre el uso, tipo y finalidad de las cookies. Esa es la raz\u00f3n por la que hemos implementado un aviso informativo que se despliega una vez accede a nuestra plataforma, inform\u00e1ndole de manera previa y expresa, cumpliendo con dicho precepto legal.<\/span><\/p><p><span style=\"font-weight: 400;\">Es importante que comprenda que en el banner que se desplegar\u00e1 cuando acceda a nuestra p\u00e1gina web por primera vez, encontrar\u00e1 la opci\u00f3n de aceptar o rechazar la instalaci\u00f3n de las cookies que utilizamos. Si rechaza su instalaci\u00f3n o, si simplemente, no lleva a cabo ninguna acci\u00f3n afirmativa que nos permita saber con certeza que acepta la instalaci\u00f3n de las cookies, solamente habilitaremos aquellas cookies necesarias para la operatividad y buen funcionamiento de esta p\u00e1gina web. Puede cambiar su configuraci\u00f3n en cualquier momento.<\/span><\/p><h4><span style=\"font-weight: 400;\">4. \u00bfC\u00d3MO PUEDE DESINSTALAR LAS COOKIES DESDE SU NAVEGADOR?<\/span><\/h4><p><span style=\"font-weight: 400;\">Si desea desinstalar las cookies desde su navegador, le indicamos algunos links que podr\u00e1 consultar en funci\u00f3n del tipo de navegador que tenga instalado en su equipo terminal.<\/span><\/p><p><span style=\"font-weight: 400;\">En Google Chrome: <\/span><a href=\"https:\/\/support.google.com\/chrome\/answer\/95647?hl=es\"><span style=\"font-weight: 400;\">https:\/\/support.google.com\/chrome\/answer\/95647?hl=es<\/span><\/a><\/p><p><span style=\"font-weight: 400;\">En Safari:<\/span><a href=\"https:\/\/support.apple.com\/kb\/ph5042\"><span style=\"font-weight: 400;\"> https:\/\/support.apple.com\/kb\/ph5042<\/span><\/a><\/p><p><span style=\"font-weight: 400;\">En Mozilla Firefox: <\/span><a href=\"https:\/\/support.mozilla.org\/en-US\/kb\/disable-third-party-cookies\"><span style=\"font-weight: 400;\">https:\/\/support.mozilla.org\/en-US\/kb\/disable-third-party-cookies<\/span><\/a><\/p><p><span style=\"font-weight: 400;\">En Internet Explorer: <\/span><a href=\"http:\/\/windows.microsoft.com\/en-US\/windows-vista\/block-or-allow-cookies\"><span style=\"font-weight: 400;\">http:\/\/windows.microsoft.com\/en-US\/windows-vista\/block-or-allow-cookies<\/span><\/a><\/p><p><span style=\"font-weight: 400;\">En Opera: <\/span><a href=\"http:\/\/www.opera.com\/help\/tutorials\/security\/privacy\/\"><span style=\"font-weight: 400;\">http:\/\/www.opera.com\/help\/tutorials\/security\/privacy\/<\/span><\/a><\/p><p><span style=\"font-weight: 400;\">Le advertimos que, despu\u00e9s de realizar el proceso de desinstalaci\u00f3n de cookies desde su navegador, ello puede dificultarle o impedirles el acceso o navegaci\u00f3n a determinadas partes de nuestra p\u00e1gina web.<\/span><\/p><h4><span style=\"font-weight: 400;\">5. SOBRE LAS COOKIES DE LAS REDES SOCIALES<\/span><\/h4><p><span style=\"font-weight: 400;\">Finalmente, queremos advertirle que nuestra plataforma no administra las redes sociales o plataforma de terceros como Facebook, Twitter, Instagram y LinkedIn donde OFERTAS LUZ Y GAS tiene presencia, con lo cual tampoco es responsable de las cookies que instalan dichas plataformas.<\/span><\/p><p><span style=\"font-weight: 400;\">En calidad de Usuario de nuestra web, est\u00e1 obligado a consultar las pol\u00edticas de privacidad y cookies de dichas redes para estar al corriente del tipo y finalidades y decidir aceptarlas o rechazarlas.<\/span><\/p><p><span style=\"font-weight: 400;\">Cookies utilizadas por Facebook: <\/span><a href=\"https:\/\/es-es.facebook.com\/policies\/cookies\/\"><span style=\"font-weight: 400;\">https:\/\/es-es.facebook.com\/policies\/cookies\/<\/span><\/a><\/p><p><span style=\"font-weight: 400;\">Cookies utilizadas por Instagram: <\/span><a href=\"https:\/\/www.facebook.com\/help\/instagram\/1896641480634370\"><span style=\"font-weight: 400;\">https:\/\/www.facebook.com\/help\/instagram\/1896641480634370<\/span><\/a><\/p><p><span style=\"font-weight: 400;\">Cookies utilizadas por LinkedIn: <\/span><a href=\"https:\/\/es.linkedin.com\/legal\/cookie-policy\"><span style=\"font-weight: 400;\">https:\/\/es.linkedin.com\/legal\/cookie-policy<\/span><\/a><\/p><p><span style=\"font-weight: 400;\">Cookies utilizadas por Twitter: <\/span><a href=\"https:\/\/help.twitter.com\/es\/rules-and-policies\/twitter-cookies\"><span style=\"font-weight: 400;\">https:\/\/help.twitter.com\/es\/rules-and-policies\/twitter-cookies<\/span><\/a><\/p><h4><span style=\"font-weight: 400;\">6. INTEGRACI\u00d3N CON EL RESTO DE LOS TEXTOS LEGALES<\/span><\/h4><p><span style=\"font-weight: 400;\">Esta pol\u00edtica de cookies se complementa con el Aviso Legal y la Pol\u00edtica de Privacidad asociados a la P\u00e1gina Web.<\/span><\/p>\t\t\t\t\t\t\t\t<\/div>\n\t\t\t\t<\/div>\n\t\t\t\t\t<\/div>\n\t\t\t\t<\/div>\n\t\t\t\t<\/div>\n\t\t","protected":false},"excerpt":{"rendered":"<p>POL\u00cdTICAS DE COOKIES Desde , METAMORFOSIS ENERG\u00c9TICA SL. (en adelante \u201cOfertas luz y gas\u201d) se le informa de que mediante las cookies que usamos no recogemos ni recabamos datos personales de nuestros usuarios salvo los facilitados al hacer uso de los formularios disponibles en la Web o cuando sea usted el que contacte con nosotros [&hellip;]<\/p>\n","protected":false},"author":1,"featured_media":0,"parent":0,"menu_order":0,"comment_status":"closed","ping_status":"closed","template":"elementor_canvas","meta":{"footnotes":""},"class_list":["post-371","page","type-page","status-publish","hentry"],"yoast_head":"<!-- This site is optimized with the Yoast SEO plugin v26.3 - https:\/\/yoast.com\/wordpress\/plugins\/seo\/ -->\n<title>Pol\u00edticas de cookies -<\/title>\n<meta name=\"robots\" content=\"index, follow, max-snippet:-1, max-image-preview:large, max-video-preview:-1\" \/>\n<link rel=\"canonical\" href=\"https:\/\/ofertasdeluzygas.com\/index.php\/politicas-de-cookies\/\" \/>\n<meta property=\"og:locale\" content=\"es_ES\" \/>\n<meta property=\"og:type\" content=\"article\" \/>\n<meta property=\"og:title\" content=\"Pol\u00edticas de cookies -\" \/>\n<meta property=\"og:description\" content=\"POL\u00cdTICAS DE COOKIES Desde , METAMORFOSIS ENERG\u00c9TICA SL. (en adelante \u201cOfertas luz y gas\u201d) se le informa de que mediante las cookies que usamos no recogemos ni recabamos datos personales de nuestros usuarios salvo los facilitados al hacer uso de los formularios disponibles en la Web o cuando sea usted el que contacte con nosotros [&hellip;]\" \/>\n<meta property=\"og:url\" content=\"https:\/\/ofertasdeluzygas.com\/index.php\/politicas-de-cookies\/\" \/>\n<meta property=\"article:modified_time\" content=\"2025-10-29T17:40:07+00:00\" \/>\n<meta name=\"twitter:card\" content=\"summary_large_image\" \/>\n<meta name=\"twitter:label1\" content=\"Tiempo de lectura\" \/>\n\t<meta name=\"twitter:data1\" content=\"7 minutos\" \/>\n<script type=\"application\/ld+json\" class=\"yoast-schema-graph\">{\"@context\":\"https:\/\/schema.org\",\"@graph\":[{\"@type\":\"WebPage\",\"@id\":\"https:\/\/ofertasdeluzygas.com\/index.php\/politicas-de-cookies\/\",\"url\":\"https:\/\/ofertasdeluzygas.com\/index.php\/politicas-de-cookies\/\",\"name\":\"Pol\u00edticas de cookies -\",\"isPartOf\":{\"@id\":\"https:\/\/ofertasdeluzygas.com\/#website\"},\"datePublished\":\"2025-10-29T17:39:24+00:00\",\"dateModified\":\"2025-10-29T17:40:07+00:00\",\"breadcrumb\":{\"@id\":\"https:\/\/ofertasdeluzygas.com\/index.php\/politicas-de-cookies\/#breadcrumb\"},\"inLanguage\":\"es\",\"potentialAction\":[{\"@type\":\"ReadAction\",\"target\":[\"https:\/\/ofertasdeluzygas.com\/index.php\/politicas-de-cookies\/\"]}]},{\"@type\":\"BreadcrumbList\",\"@id\":\"https:\/\/ofertasdeluzygas.com\/index.php\/politicas-de-cookies\/#breadcrumb\",\"itemListElement\":[{\"@type\":\"ListItem\",\"position\":1,\"name\":\"Portada\",\"item\":\"https:\/\/ofertasdeluzygas.com\/\"},{\"@type\":\"ListItem\",\"position\":2,\"name\":\"Pol\u00edticas de cookies\"}]},{\"@type\":\"WebSite\",\"@id\":\"https:\/\/ofertasdeluzygas.com\/#website\",\"url\":\"https:\/\/ofertasdeluzygas.com\/\",\"name\":\"\",\"description\":\"\",\"potentialAction\":[{\"@type\":\"SearchAction\",\"target\":{\"@type\":\"EntryPoint\",\"urlTemplate\":\"https:\/\/ofertasdeluzygas.com\/?s={search_term_string}\"},\"query-input\":{\"@type\":\"PropertyValueSpecification\",\"valueRequired\":true,\"valueName\":\"search_term_string\"}}],\"inLanguage\":\"es\"}]}<\/script>\n<!-- \/ Yoast SEO plugin. -->","yoast_head_json":{"title":"Pol\u00edticas de cookies -","robots":{"index":"index","follow":"follow","max-snippet":"max-snippet:-1","max-image-preview":"max-image-preview:large","max-video-preview":"max-video-preview:-1"},"canonical":"https:\/\/ofertasdeluzygas.com\/index.php\/politicas-de-cookies\/","og_locale":"es_ES","og_type":"article","og_title":"Pol\u00edticas de cookies -","og_description":"POL\u00cdTICAS DE COOKIES Desde , METAMORFOSIS ENERG\u00c9TICA SL. (en adelante \u201cOfertas luz y gas\u201d) se le informa de que mediante las cookies que usamos no recogemos ni recabamos datos personales de nuestros usuarios salvo los facilitados al hacer uso de los formularios disponibles en la Web o cuando sea usted el que contacte con nosotros [&hellip;]","og_url":"https:\/\/ofertasdeluzygas.com\/index.php\/politicas-de-cookies\/","article_modified_time":"2025-10-29T17:40:07+00:00","twitter_card":"summary_large_image","twitter_misc":{"Tiempo de lectura":"7 minutos"},"schema":{"@context":"https:\/\/schema.org","@graph":[{"@type":"WebPage","@id":"https:\/\/ofertasdeluzygas.com\/index.php\/politicas-de-cookies\/","url":"https:\/\/ofertasdeluzygas.com\/index.php\/politicas-de-cookies\/","name":"Pol\u00edticas de cookies -","isPartOf":{"@id":"https:\/\/ofertasdeluzygas.com\/#website"},"datePublished":"2025-10-29T17:39:24+00:00","dateModified":"2025-10-29T17:40:07+00:00","breadcrumb":{"@id":"https:\/\/ofertasdeluzygas.com\/index.php\/politicas-de-cookies\/#breadcrumb"},"inLanguage":"es","potentialAction":[{"@type":"ReadAction","target":["https:\/\/ofertasdeluzygas.com\/index.php\/politicas-de-cookies\/"]}]},{"@type":"BreadcrumbList","@id":"https:\/\/ofertasdeluzygas.com\/index.php\/politicas-de-cookies\/#breadcrumb","itemListElement":[{"@type":"ListItem","position":1,"name":"Portada","item":"https:\/\/ofertasdeluzygas.com\/"},{"@type":"ListItem","position":2,"name":"Pol\u00edticas de cookies"}]},{"@type":"WebSite","@id":"https:\/\/ofertasdeluzygas.com\/#website","url":"https:\/\/ofertasdeluzygas.com\/","name":"","description":"","potentialAction":[{"@type":"SearchAction","target":{"@type":"EntryPoint","urlTemplate":"https:\/\/ofertasdeluzygas.com\/?s={search_term_string}"},"query-input":{"@type":"PropertyValueSpecification","valueRequired":true,"valueName":"search_term_string"}}],"inLanguage":"es"}]}},"_links":{"self":[{"href":"https:\/\/ofertasdeluzygas.com\/index.php\/wp-json\/wp\/v2\/pages\/371","targetHints":{"allow":["GET"]}}],"collection":[{"href":"https:\/\/ofertasdeluzygas.com\/index.php\/wp-json\/wp\/v2\/pages"}],"about":[{"href":"https:\/\/ofertasdeluzygas.com\/index.php\/wp-json\/wp\/v2\/types\/page"}],"author":[{"embeddable":true,"href":"https:\/\/ofertasdeluzygas.com\/index.php\/wp-json\/wp\/v2\/users\/1"}],"replies":[{"embeddable":true,"href":"https:\/\/ofertasdeluzygas.com\/index.php\/wp-json\/wp\/v2\/comments?post=371"}],"version-history":[{"count":7,"href":"https:\/\/ofertasdeluzygas.com\/index.php\/wp-json\/wp\/v2\/pages\/371\/revisions"}],"predecessor-version":[{"id":378,"href":"https:\/\/ofertasdeluzygas.com\/index.php\/wp-json\/wp\/v2\/pages\/371\/revisions\/378"}],"wp:attachment":[{"href":"https:\/\/ofertasdeluzygas.com\/index.php\/wp-json\/wp\/v2\/media?parent=371"}],"curies":[{"name":"wp","href":"https:\/\/api.w.org\/{rel}","templated":true}]}}